{"id":475,"date":"2020-10-26T17:13:11","date_gmt":"2020-10-26T17:13:11","guid":{"rendered":"https:\/\/iberiankinkku.fi\/product\/montaraz-sliced-all-natural-iberico-shoulder-jamon-2\/"},"modified":"2025-11-12T20:29:01","modified_gmt":"2025-11-12T20:29:01","slug":"montaraz-sliced-all-natural-iberico-shoulder-jamon","status":"publish","type":"product","link":"https:\/\/iberiankinkku.fi\/en\/product\/montaraz-sliced-all-natural-iberico-shoulder-jamon\/","title":{"rendered":"Montaraz Sliced All-Natural Iberico Shoulder Jamon"},"content":{"rendered":"<p class=\"p1\"><span style=\"vertical-align: inherit;\"><span style=\"vertical-align: inherit;\">Clasificaci\u00f3n: Etiqueta Verde &#8211; m\u00ednimo 50% Ib\u00e9rico, de pastoreo en libertad, dieta de cereales, plantas silvestres y hierbas <\/span><\/span><br \/>\n<span style=\"vertical-align: inherit;\"><span style=\"vertical-align: inherit;\">Pieza: Paleta <\/span><\/span><br \/>\n<span style=\"vertical-align: inherit;\"><span style=\"vertical-align: inherit;\">Tiempo de curaci\u00f3n: 24+ meses <\/span><\/span><br \/>\n<span style=\"vertical-align: inherit;\"><span style=\"vertical-align: inherit;\">Peso: 100 g <\/span><\/span><br \/>\n<span style=\"vertical-align: inherit;\"><span style=\"vertical-align: inherit;\">Regi\u00f3n: Salamanca <\/span><\/span><br \/>\n<span style=\"vertical-align: inherit;\"><span style=\"vertical-align: inherit;\">Notas: Libre de nitratos y nitritos<\/span><\/span><\/p>\n<p><span style=\"vertical-align: inherit;\"><span style=\"vertical-align: inherit;\">Esta paleta de jam\u00f3n Montaraz loncheada es totalmente natural, y se nota la diferencia. Montaraz es una empresa familiar innovadora, dirigida por sus j\u00f3venes. Se comprometen a producir jam\u00f3n 100% natural, sin nitratos, nitritos ni ning\u00fan otro ingrediente: solo jam\u00f3n, sal marina y tiempo. Si bien esto hace que la curaci\u00f3n sea m\u00e1s laboriosa, lo han dominado a la perfecci\u00f3n. Esta paleta ib\u00e9rica es una de las favoritas, menos salada que sus hom\u00f3logas industriales.<\/span><\/span><\/p>\n","protected":false},"excerpt":{"rendered":"<p>Clasificaci\u00f3n: Etiqueta Verde &#8211; m\u00ednimo 50% Ib\u00e9rico, de pastoreo en libertad, dieta de cereales, plantas silvestres y hierbas Pieza: Paleta Tiempo de curaci\u00f3n: 24+ meses Peso: 100 g Regi\u00f3n: Salamanca Notas: Libre de nitratos y nitritos Esta paleta de jam\u00f3n Montaraz loncheada es totalmente natural, y se nota la diferencia. Montaraz es una empresa familiar [&hellip;]<\/p>\n","protected":false},"featured_media":465,"comment_status":"closed","ping_status":"closed","template":"","meta":[],"product_brand":[],"product_cat":[29],"product_tag":[34],"class_list":{"0":"post-475","1":"product","2":"type-product","3":"status-publish","4":"has-post-thumbnail","6":"product_cat-sliced-jamon","7":"product_tag-nitrate-free","9":"first","10":"instock","11":"taxable","12":"shipping-taxable","13":"purchasable","14":"product-type-simple"},"_links":{"self":[{"href":"https:\/\/iberiankinkku.fi\/en\/wp-json\/wp\/v2\/product\/475","targetHints":{"allow":["GET"]}}],"collection":[{"href":"https:\/\/iberiankinkku.fi\/en\/wp-json\/wp\/v2\/product"}],"about":[{"href":"https:\/\/iberiankinkku.fi\/en\/wp-json\/wp\/v2\/types\/product"}],"replies":[{"embeddable":true,"href":"https:\/\/iberiankinkku.fi\/en\/wp-json\/wp\/v2\/comments?post=475"}],"wp:featuredmedia":[{"embeddable":true,"href":"https:\/\/iberiankinkku.fi\/en\/wp-json\/wp\/v2\/media\/465"}],"wp:attachment":[{"href":"https:\/\/iberiankinkku.fi\/en\/wp-json\/wp\/v2\/media?parent=475"}],"wp:term":[{"taxonomy":"product_brand","embeddable":true,"href":"https:\/\/iberiankinkku.fi\/en\/wp-json\/wp\/v2\/product_brand?post=475"},{"taxonomy":"product_cat","embeddable":true,"href":"https:\/\/iberiankinkku.fi\/en\/wp-json\/wp\/v2\/product_cat?post=475"},{"taxonomy":"product_tag","embeddable":true,"href":"https:\/\/iberiankinkku.fi\/en\/wp-json\/wp\/v2\/product_tag?post=475"}],"curies":[{"name":"wp","href":"https:\/\/api.w.org\/{rel}","templated":true}]}}